{"id":881,"date":"2023-10-23T12:56:33","date_gmt":"2023-10-23T10:56:33","guid":{"rendered":"https:\/\/equanta.fr\/?page_id=881"},"modified":"2023-11-24T18:32:43","modified_gmt":"2023-11-24T17:32:43","slug":"cabinet-et-prise-de-rendez-vous","status":"publish","type":"page","link":"https:\/\/equanta.fr\/index.php\/cabinet-et-prise-de-rendez-vous\/","title":{"rendered":"Contactez-Nous"},"content":{"rendered":"\n<p>Bienvenue \u00e0 mon cabinet de Bior\u00e9sonance !<\/p>\n\n\n\n<p> Si vous avez des questions, si vous souhaitez prendre rendez-vous ou simplement en savoir plus sur mes services, n&#8217;h\u00e9sitez pas \u00e0 me contacter. Je suis l\u00e0 pour vous aider \u00e0 retrouver votre \u00e9quilibre naturel et \u00e0 am\u00e9liorer votre bien-\u00eatre.<\/p>\n\n\n\n<h4 class=\"wp-block-heading\"><strong>Coordonn\u00e9es<\/strong><\/h4>\n\n\n\n<div class=\"wp-block-group is-layout-constrained wp-block-group-is-layout-constrained\">\n<div class=\"wp-block-uagb-slider uagb-block-08cbfbfe uagb-slider-container\"><div class=\"uagb-slides uagb-swiper\"><div class=\"swiper-wrapper\">\n<div class=\"wp-block-uagb-slider-child uagb-slider-child-wrap swiper-slide uagb-block-2662e277\"><div class=\"swiper-content\">\n<div class=\"wp-block-uagb-container uagb-block-5b75461d alignfull uagb-is-root-container\"><div class=\"uagb-container-inner-blocks-wrap\">\n<figure class=\"wp-block-image aligncenter size-large is-resized\"><img loading=\"lazy\" decoding=\"async\" width=\"1024\" height=\"557\" src=\"https:\/\/equanta.fr\/wp-content\/uploads\/2023\/10\/Cabinet-1024x557.jpg\" alt=\"\" class=\"wp-image-1062\" style=\"aspect-ratio:1.8384201077199283;width:596px;height:auto\" srcset=\"https:\/\/equanta.fr\/wp-content\/uploads\/2023\/10\/Cabinet-1024x557.jpg 1024w, https:\/\/equanta.fr\/wp-content\/uploads\/2023\/10\/Cabinet-300x163.jpg 300w, https:\/\/equanta.fr\/wp-content\/uploads\/2023\/10\/Cabinet-768x418.jpg 768w, https:\/\/equanta.fr\/wp-content\/uploads\/2023\/10\/Cabinet-1536x836.jpg 1536w, https:\/\/equanta.fr\/wp-content\/uploads\/2023\/10\/Cabinet-2048x1115.jpg 2048w\" sizes=\"auto, (max-width: 1024px) 100vw, 1024px\" \/><\/figure>\n<\/div><\/div>\n<\/div><\/div>\n\n\n\n<div class=\"wp-block-uagb-slider-child uagb-slider-child-wrap swiper-slide uagb-block-1378a11c\"><div class=\"swiper-content\">\n<div class=\"wp-block-uagb-container uagb-block-1bf85c2d alignfull uagb-is-root-container\"><div class=\"uagb-container-inner-blocks-wrap\">\n<figure class=\"wp-block-image size-large is-resized\"><img loading=\"lazy\" decoding=\"async\" width=\"1024\" height=\"768\" src=\"https:\/\/equanta.fr\/wp-content\/uploads\/2023\/10\/Gelule-1-1024x768.jpg\" alt=\"\" class=\"wp-image-1077\" style=\"aspect-ratio:1.3333333333333333;width:300px;height:auto\" srcset=\"https:\/\/equanta.fr\/wp-content\/uploads\/2023\/10\/Gelule-1-1024x768.jpg 1024w, https:\/\/equanta.fr\/wp-content\/uploads\/2023\/10\/Gelule-1-300x225.jpg 300w, https:\/\/equanta.fr\/wp-content\/uploads\/2023\/10\/Gelule-1-768x576.jpg 768w, https:\/\/equanta.fr\/wp-content\/uploads\/2023\/10\/Gelule-1-1536x1152.jpg 1536w, https:\/\/equanta.fr\/wp-content\/uploads\/2023\/10\/Gelule-1-2048x1536.jpg 2048w\" sizes=\"auto, (max-width: 1024px) 100vw, 1024px\" \/><\/figure>\n<\/div><\/div>\n<\/div><\/div>\n<\/div><\/div><div class=\"swiper-pagination\"><\/div><div class=\"swiper-button-prev\"><\/div><div class=\"swiper-button-next\"><\/div><\/div>\n\n\n\n<p class=\"has-text-align-center\"><strong>Adresse :<\/strong> rue des CHESNAIES, Onans, 25250<\/p>\n\n\n\n<p class=\"has-text-align-center\"><strong>T\u00e9l\u00e9phone :<\/strong> \u202d06 45 20 91 42\u202c<\/p>\n\n\n\n<h4 class=\"wp-block-heading\"><\/h4>\n<\/div>\n\n\n\n<div class=\"wp-block-group is-layout-constrained wp-block-group-is-layout-constrained\">\n<div class=\"wp-block-uagb-info-box uagb-block-79728a08 uagb-infobox__content-wrap  uagb-infobox-icon-above-title uagb-infobox-image-valign-top\"><div class=\"uagb-ifb-content\"><div class=\"uagb-ifb-icon-wrap\"><svg xmlns=\"https:\/\/www.w3.org\/2000\/svg\" viewBox=\"0 0 512 512\"><path d=\"M511.2 387l-23.25 100.8c-3.266 14.25-15.79 24.22-30.46 24.22C205.2 512 0 306.8 0 54.5c0-14.66 9.969-27.2 24.22-30.45l100.8-23.25C139.7-2.602 154.7 5.018 160.8 18.92l46.52 108.5c5.438 12.78 1.77 27.67-8.98 36.45L144.5 207.1c33.98 69.22 90.26 125.5 159.5 159.5l44.08-53.8c8.688-10.78 23.69-14.51 36.47-8.975l108.5 46.51C506.1 357.2 514.6 372.4 511.2 387z\"><\/path><\/svg><\/div><div class=\"uagb-ifb-title-wrap\"><h3 class=\"uagb-ifb-title\">Uniquement sur rendez-vous<\/h3><\/div><p class=\"uagb-ifb-desc\">Lundi &#8211; Vendredi : 10h00 &#8211; 18h00<br><\/p><\/div><\/div>\n<\/div>\n\n\n\n<h4 class=\"wp-block-heading\"><strong>Plan d&#8217;Acc\u00e8s<\/strong><\/h4>\n\n\n\n<div class=\"wp-block-group is-layout-constrained wp-block-group-is-layout-constrained\">\n<p>\u00c0 seulement 15 minutes du P\u00e9age de l\u2019Isle-sur-le-Doubs (A36, Sortie N\u00b06).<\/p>\n\n\n\t\t\t<div \n\t\t\tclass=\"wp-block-uagb-google-map uagb-google-map__wrap uagb-block-d8e39dc3     \"\n\t\t\tstyle=\"\" >\n\t\t\t\t<embed\n\t\t\t\t\tclass=\"uagb-google-map__iframe\"\n\t\t\t\t\ttitle=\"Google Map for \"\n\t\t\t\t\tsrc=\"https:\/\/maps.google.com\/maps?q=11ter%20rue%20du%20Chesnaies%20Onans&#038;z=14&#038;hl=fr&#038;t=m&#038;output=embed&#038;iwloc=near\"\n\t\t\t\t\twidth=\"640\"\n\t\t\t\t\theight=\"300\"\n\t\t\t\t\tloading=\"lazy\"\n\t\t\t\t><\/embed>\n\t\t\t<\/div>\n\t\t\t<\/div>\n\n\n\n<div class=\"wp-block-buttons is-content-justification-center is-layout-flex wp-container-core-buttons-is-layout-a89b3969 wp-block-buttons-is-layout-flex\">\n<div class=\"wp-block-button\"><a class=\"wp-block-button__link wp-element-button\" href=\"https:\/\/equanta.fr\/index.php\/services\/\">Information sur le d\u00e9roulement d&#8217;une s\u00e9ance<\/a><\/div>\n<\/div>\n","protected":false},"excerpt":{"rendered":"<p>Bienvenue \u00e0 mon cabinet de Bior\u00e9sonance ! Si vous avez des questions, si vous souhaitez prendre rendez-vous ou simplement en savoir plus sur mes services, n&#8217;h\u00e9sitez pas \u00e0 me contacter. Je suis l\u00e0 pour vous aider \u00e0 retrouver votre \u00e9quilibre naturel et \u00e0 am\u00e9liorer votre bien-\u00eatre. Coordonn\u00e9es Adresse : rue des CHESNAIES, Onans, 25250 T\u00e9l\u00e9phone [&hellip;]<\/p>\n","protected":false},"author":1,"featured_media":0,"parent":0,"menu_order":0,"comment_status":"closed","ping_status":"closed","template":"","meta":{"_uag_custom_page_level_css":"","site-sidebar-layout":"default","site-content-layout":"","ast-site-content-layout":"","site-content-style":"default","site-sidebar-style":"default","ast-global-header-display":"","ast-banner-title-visibility":"","ast-main-header-display":"","ast-hfb-above-header-display":"","ast-hfb-below-header-display":"","ast-hfb-mobile-header-display":"","site-post-title":"","ast-breadcrumbs-content":"","ast-featured-img":"","footer-sml-layout":"","theme-transparent-header-meta":"","adv-header-id-meta":"","stick-header-meta":"","header-above-stick-meta":"","header-main-stick-meta":"","header-below-stick-meta":"","astra-migrate-meta-layouts":"default","ast-page-background-enabled":"default","ast-page-background-meta":{"desktop":{"background-color":"var(--ast-global-color-4)","background-image":"","background-repeat":"repeat","background-position":"center center","background-size":"auto","background-attachment":"scroll","background-type":"","background-media":"","overlay-type":"","overlay-color":"","overlay-opacity":"","overlay-gradient":""},"tablet":{"background-color":"","background-image":"","background-repeat":"repeat","background-position":"center center","background-size":"auto","background-attachment":"scroll","background-type":"","background-media":"","overlay-type":"","overlay-color":"","overlay-opacity":"","overlay-gradient":""},"mobile":{"background-color":"","background-image":"","background-repeat":"repeat","background-position":"center center","background-size":"auto","background-attachment":"scroll","background-type":"","background-media":"","overlay-type":"","overlay-color":"","overlay-opacity":"","overlay-gradient":""}},"ast-content-background-meta":{"desktop":{"background-color":"var(--ast-global-color-5)","background-image":"","background-repeat":"repeat","background-position":"center center","background-size":"auto","background-attachment":"scroll","background-type":"","background-media":"","overlay-type":"","overlay-color":"","overlay-opacity":"","overlay-gradient":""},"tablet":{"background-color":"var(--ast-global-color-5)","background-image":"","background-repeat":"repeat","background-position":"center center","background-size":"auto","background-attachment":"scroll","background-type":"","background-media":"","overlay-type":"","overlay-color":"","overlay-opacity":"","overlay-gradient":""},"mobile":{"background-color":"var(--ast-global-color-5)","background-image":"","background-repeat":"repeat","background-position":"center center","background-size":"auto","background-attachment":"scroll","background-type":"","background-media":"","overlay-type":"","overlay-color":"","overlay-opacity":"","overlay-gradient":""}},"footnotes":""},"class_list":["post-881","page","type-page","status-publish","hentry"],"yoast_head":"<!-- This site is optimized with the Yoast SEO plugin v23.5 - https:\/\/yoast.com\/wordpress\/plugins\/seo\/ -->\n<title>Contactez-Nous - eQuanta Bioresonance<\/title>\n<meta name=\"description\" content=\"Cabinet situ\u00e9 : 11 ter rue des CHESNAIES, Onans, 25250. Uniquement sur rendez-vous. \u00c0 seulement 15 minutes du P\u00e9age de l\u2019Isle-sur-le-Doubs (A36, Sortie N\u00b06).\" \/>\n<meta name=\"robots\" content=\"index, follow, max-snippet:-1, max-image-preview:large, max-video-preview:-1\" \/>\n<link rel=\"canonical\" href=\"https:\/\/equanta.fr\/index.php\/cabinet-et-prise-de-rendez-vous\/\" \/>\n<meta property=\"og:locale\" content=\"en_US\" \/>\n<meta property=\"og:type\" content=\"article\" \/>\n<meta property=\"og:title\" content=\"Contactez-Nous - eQuanta Bioresonance\" \/>\n<meta property=\"og:description\" content=\"Cabinet situ\u00e9 : 11 ter rue des CHESNAIES, Onans, 25250. Uniquement sur rendez-vous. \u00c0 seulement 15 minutes du P\u00e9age de l\u2019Isle-sur-le-Doubs (A36, Sortie N\u00b06).\" \/>\n<meta property=\"og:url\" content=\"https:\/\/equanta.fr\/index.php\/cabinet-et-prise-de-rendez-vous\/\" \/>\n<meta property=\"og:site_name\" content=\"eQuanta Bioresonance\" \/>\n<meta property=\"article:publisher\" content=\"https:\/\/www.facebook.com\/profile.php?id=61552817224018\" \/>\n<meta property=\"article:modified_time\" content=\"2023-11-24T17:32:43+00:00\" \/>\n<meta property=\"og:image\" content=\"https:\/\/equanta.fr\/wp-content\/uploads\/2023\/10\/Cabinet-1024x557.jpg\" \/>\n<meta name=\"twitter:card\" content=\"summary_large_image\" \/>\n<meta name=\"twitter:label1\" content=\"Est. reading time\" \/>\n\t<meta name=\"twitter:data1\" content=\"1 minute\" \/>\n<script type=\"application\/ld+json\" class=\"yoast-schema-graph\">{\"@context\":\"https:\/\/schema.org\",\"@graph\":[{\"@type\":[\"WebPage\",\"ContactPage\"],\"@id\":\"https:\/\/equanta.fr\/index.php\/cabinet-et-prise-de-rendez-vous\/\",\"url\":\"https:\/\/equanta.fr\/index.php\/cabinet-et-prise-de-rendez-vous\/\",\"name\":\"Contactez-Nous - eQuanta Bioresonance\",\"isPartOf\":{\"@id\":\"https:\/\/equanta.fr\/#website\"},\"primaryImageOfPage\":{\"@id\":\"https:\/\/equanta.fr\/index.php\/cabinet-et-prise-de-rendez-vous\/#primaryimage\"},\"image\":{\"@id\":\"https:\/\/equanta.fr\/index.php\/cabinet-et-prise-de-rendez-vous\/#primaryimage\"},\"thumbnailUrl\":\"https:\/\/equanta.fr\/wp-content\/uploads\/2023\/10\/Cabinet-1024x557.jpg\",\"datePublished\":\"2023-10-23T10:56:33+00:00\",\"dateModified\":\"2023-11-24T17:32:43+00:00\",\"description\":\"Cabinet situ\u00e9 : 11 ter rue des CHESNAIES, Onans, 25250. Uniquement sur rendez-vous. \u00c0 seulement 15 minutes du P\u00e9age de l\u2019Isle-sur-le-Doubs (A36, Sortie N\u00b06).\",\"breadcrumb\":{\"@id\":\"https:\/\/equanta.fr\/index.php\/cabinet-et-prise-de-rendez-vous\/#breadcrumb\"},\"inLanguage\":\"en-US\",\"potentialAction\":[{\"@type\":\"ReadAction\",\"target\":[\"https:\/\/equanta.fr\/index.php\/cabinet-et-prise-de-rendez-vous\/\"]}]},{\"@type\":\"ImageObject\",\"inLanguage\":\"en-US\",\"@id\":\"https:\/\/equanta.fr\/index.php\/cabinet-et-prise-de-rendez-vous\/#primaryimage\",\"url\":\"https:\/\/equanta.fr\/wp-content\/uploads\/2023\/10\/Cabinet-scaled.jpg\",\"contentUrl\":\"https:\/\/equanta.fr\/wp-content\/uploads\/2023\/10\/Cabinet-scaled.jpg\",\"width\":2560,\"height\":1393},{\"@type\":\"BreadcrumbList\",\"@id\":\"https:\/\/equanta.fr\/index.php\/cabinet-et-prise-de-rendez-vous\/#breadcrumb\",\"itemListElement\":[{\"@type\":\"ListItem\",\"position\":1,\"name\":\"Accueil\",\"item\":\"https:\/\/equanta.fr\/\"},{\"@type\":\"ListItem\",\"position\":2,\"name\":\"Contactez-Nous\"}]},{\"@type\":\"WebSite\",\"@id\":\"https:\/\/equanta.fr\/#website\",\"url\":\"https:\/\/equanta.fr\/\",\"name\":\"eQuanta Bioresonance\",\"description\":\"Devenez votre propre th\u00e9rapeute et r\u00e9appropriez-vous votre sant\u00e9.\",\"publisher\":{\"@id\":\"https:\/\/equanta.fr\/#organization\"},\"potentialAction\":[{\"@type\":\"SearchAction\",\"target\":{\"@type\":\"EntryPoint\",\"urlTemplate\":\"https:\/\/equanta.fr\/?s={search_term_string}\"},\"query-input\":{\"@type\":\"PropertyValueSpecification\",\"valueRequired\":true,\"valueName\":\"search_term_string\"}}],\"inLanguage\":\"en-US\"},{\"@type\":\"Organization\",\"@id\":\"https:\/\/equanta.fr\/#organization\",\"name\":\"eQuanta Bioresonance\",\"alternateName\":\"Bioresonance Est France\",\"url\":\"https:\/\/equanta.fr\/\",\"logo\":{\"@type\":\"ImageObject\",\"inLanguage\":\"en-US\",\"@id\":\"https:\/\/equanta.fr\/#\/schema\/logo\/image\/\",\"url\":\"https:\/\/equanta.fr\/wp-content\/uploads\/2023\/10\/cropped-LogoSimple.png\",\"contentUrl\":\"https:\/\/equanta.fr\/wp-content\/uploads\/2023\/10\/cropped-LogoSimple.png\",\"width\":512,\"height\":512,\"caption\":\"eQuanta Bioresonance\"},\"image\":{\"@id\":\"https:\/\/equanta.fr\/#\/schema\/logo\/image\/\"},\"sameAs\":[\"https:\/\/www.facebook.com\/profile.php?id=61552817224018\"]}]}<\/script>\n<!-- \/ Yoast SEO plugin. -->","yoast_head_json":{"title":"Contactez-Nous - eQuanta Bioresonance","description":"Cabinet situ\u00e9 : 11 ter rue des CHESNAIES, Onans, 25250. Uniquement sur rendez-vous. \u00c0 seulement 15 minutes du P\u00e9age de l\u2019Isle-sur-le-Doubs (A36, Sortie N\u00b06).","robots":{"index":"index","follow":"follow","max-snippet":"max-snippet:-1","max-image-preview":"max-image-preview:large","max-video-preview":"max-video-preview:-1"},"canonical":"https:\/\/equanta.fr\/index.php\/cabinet-et-prise-de-rendez-vous\/","og_locale":"en_US","og_type":"article","og_title":"Contactez-Nous - eQuanta Bioresonance","og_description":"Cabinet situ\u00e9 : 11 ter rue des CHESNAIES, Onans, 25250. Uniquement sur rendez-vous. \u00c0 seulement 15 minutes du P\u00e9age de l\u2019Isle-sur-le-Doubs (A36, Sortie N\u00b06).","og_url":"https:\/\/equanta.fr\/index.php\/cabinet-et-prise-de-rendez-vous\/","og_site_name":"eQuanta Bioresonance","article_publisher":"https:\/\/www.facebook.com\/profile.php?id=61552817224018","article_modified_time":"2023-11-24T17:32:43+00:00","og_image":[{"url":"https:\/\/equanta.fr\/wp-content\/uploads\/2023\/10\/Cabinet-1024x557.jpg"}],"twitter_card":"summary_large_image","twitter_misc":{"Est. reading time":"1 minute"},"schema":{"@context":"https:\/\/schema.org","@graph":[{"@type":["WebPage","ContactPage"],"@id":"https:\/\/equanta.fr\/index.php\/cabinet-et-prise-de-rendez-vous\/","url":"https:\/\/equanta.fr\/index.php\/cabinet-et-prise-de-rendez-vous\/","name":"Contactez-Nous - eQuanta Bioresonance","isPartOf":{"@id":"https:\/\/equanta.fr\/#website"},"primaryImageOfPage":{"@id":"https:\/\/equanta.fr\/index.php\/cabinet-et-prise-de-rendez-vous\/#primaryimage"},"image":{"@id":"https:\/\/equanta.fr\/index.php\/cabinet-et-prise-de-rendez-vous\/#primaryimage"},"thumbnailUrl":"https:\/\/equanta.fr\/wp-content\/uploads\/2023\/10\/Cabinet-1024x557.jpg","datePublished":"2023-10-23T10:56:33+00:00","dateModified":"2023-11-24T17:32:43+00:00","description":"Cabinet situ\u00e9 : 11 ter rue des CHESNAIES, Onans, 25250. Uniquement sur rendez-vous. \u00c0 seulement 15 minutes du P\u00e9age de l\u2019Isle-sur-le-Doubs (A36, Sortie N\u00b06).","breadcrumb":{"@id":"https:\/\/equanta.fr\/index.php\/cabinet-et-prise-de-rendez-vous\/#breadcrumb"},"inLanguage":"en-US","potentialAction":[{"@type":"ReadAction","target":["https:\/\/equanta.fr\/index.php\/cabinet-et-prise-de-rendez-vous\/"]}]},{"@type":"ImageObject","inLanguage":"en-US","@id":"https:\/\/equanta.fr\/index.php\/cabinet-et-prise-de-rendez-vous\/#primaryimage","url":"https:\/\/equanta.fr\/wp-content\/uploads\/2023\/10\/Cabinet-scaled.jpg","contentUrl":"https:\/\/equanta.fr\/wp-content\/uploads\/2023\/10\/Cabinet-scaled.jpg","width":2560,"height":1393},{"@type":"BreadcrumbList","@id":"https:\/\/equanta.fr\/index.php\/cabinet-et-prise-de-rendez-vous\/#breadcrumb","itemListElement":[{"@type":"ListItem","position":1,"name":"Accueil","item":"https:\/\/equanta.fr\/"},{"@type":"ListItem","position":2,"name":"Contactez-Nous"}]},{"@type":"WebSite","@id":"https:\/\/equanta.fr\/#website","url":"https:\/\/equanta.fr\/","name":"eQuanta Bioresonance","description":"Devenez votre propre th\u00e9rapeute et r\u00e9appropriez-vous votre sant\u00e9.","publisher":{"@id":"https:\/\/equanta.fr\/#organization"},"potentialAction":[{"@type":"SearchAction","target":{"@type":"EntryPoint","urlTemplate":"https:\/\/equanta.fr\/?s={search_term_string}"},"query-input":{"@type":"PropertyValueSpecification","valueRequired":true,"valueName":"search_term_string"}}],"inLanguage":"en-US"},{"@type":"Organization","@id":"https:\/\/equanta.fr\/#organization","name":"eQuanta Bioresonance","alternateName":"Bioresonance Est France","url":"https:\/\/equanta.fr\/","logo":{"@type":"ImageObject","inLanguage":"en-US","@id":"https:\/\/equanta.fr\/#\/schema\/logo\/image\/","url":"https:\/\/equanta.fr\/wp-content\/uploads\/2023\/10\/cropped-LogoSimple.png","contentUrl":"https:\/\/equanta.fr\/wp-content\/uploads\/2023\/10\/cropped-LogoSimple.png","width":512,"height":512,"caption":"eQuanta Bioresonance"},"image":{"@id":"https:\/\/equanta.fr\/#\/schema\/logo\/image\/"},"sameAs":["https:\/\/www.facebook.com\/profile.php?id=61552817224018"]}]}},"uagb_featured_image_src":{"full":false,"thumbnail":false,"medium":false,"medium_large":false,"large":false,"1536x1536":false,"2048x2048":false},"uagb_author_info":{"display_name":"Laurence","author_link":"https:\/\/equanta.fr\/index.php\/author\/admin2057\/"},"uagb_comment_info":0,"uagb_excerpt":"Bienvenue \u00e0 mon cabinet de Bior\u00e9sonance ! Si vous avez des questions, si vous souhaitez prendre rendez-vous ou simplement en savoir plus sur mes services, n&#8217;h\u00e9sitez pas \u00e0 me contacter. Je suis l\u00e0 pour vous aider \u00e0 retrouver votre \u00e9quilibre naturel et \u00e0 am\u00e9liorer votre bien-\u00eatre. Coordonn\u00e9es Adresse : rue des CHESNAIES, Onans, 25250 T\u00e9l\u00e9phone&hellip;","_links":{"self":[{"href":"https:\/\/equanta.fr\/index.php\/wp-json\/wp\/v2\/pages\/881","targetHints":{"allow":["GET"]}}],"collection":[{"href":"https:\/\/equanta.fr\/index.php\/wp-json\/wp\/v2\/pages"}],"about":[{"href":"https:\/\/equanta.fr\/index.php\/wp-json\/wp\/v2\/types\/page"}],"author":[{"embeddable":true,"href":"https:\/\/equanta.fr\/index.php\/wp-json\/wp\/v2\/users\/1"}],"replies":[{"embeddable":true,"href":"https:\/\/equanta.fr\/index.php\/wp-json\/wp\/v2\/comments?post=881"}],"version-history":[{"count":13,"href":"https:\/\/equanta.fr\/index.php\/wp-json\/wp\/v2\/pages\/881\/revisions"}],"predecessor-version":[{"id":1134,"href":"https:\/\/equanta.fr\/index.php\/wp-json\/wp\/v2\/pages\/881\/revisions\/1134"}],"wp:attachment":[{"href":"https:\/\/equanta.fr\/index.php\/wp-json\/wp\/v2\/media?parent=881"}],"curies":[{"name":"wp","href":"https:\/\/api.w.org\/{rel}","templated":true}]}}