{"id":877,"date":"2023-10-23T12:55:35","date_gmt":"2023-10-23T10:55:35","guid":{"rendered":"https:\/\/equanta.fr\/?page_id=877"},"modified":"2024-02-26T11:49:50","modified_gmt":"2024-02-26T10:49:50","slug":"temoignages","status":"publish","type":"page","link":"https:\/\/equanta.fr\/index.php\/temoignages\/","title":{"rendered":"T\u00e9moignages"},"content":{"rendered":"\n<div class=\"wp-block-group is-layout-constrained wp-block-group-is-layout-constrained\">\n<h3 class=\"wp-block-heading\">T\u00e9moignages \/ Avis<\/h3>\n\n\n\n<p class=\"has-medium-font-size\">Voici quelques t\u00e9moignages de personnes qui ont test\u00e9 la bior\u00e9sonance :<\/p>\n\n\n\n<hr class=\"wp-block-separator has-alpha-channel-opacity\"\/>\n\n\n\n<blockquote class=\"wp-block-quote is-layout-flow wp-block-quote-is-layout-flow\">\n<p><em>Mon estomac va mieux, j\u2019esp\u00e8re que l\u2019on pourra voir lors de la prochaine s\u00e9ance comment y a de l\u2019am\u00e9lioration.<\/em><\/p>\n<cite><strong>Rexxxx<\/strong><\/cite><\/blockquote>\n\n\n\n<blockquote class=\"wp-block-quote is-layout-flow wp-block-quote-is-layout-flow\">\n<p>&#8230;ma jument continue gentiment sa convalescence , j&#8217;ai un rdv avec l&#8217;osteo pour son suivi. La bior\u00e9sonance m&#8217;a permis de mieux comprendre ses besoins et d&#8217;adapter son quotidien pour une meilleure r\u00e9cup\u00e9ration, les b\u00e9n\u00e9fices commencent \u00e0 \u00eatre visible sur son \u00e9paule &#8230;. <\/p>\n<cite><strong>Lixxxx<\/strong><\/cite><\/blockquote>\n\n\n\n<blockquote class=\"wp-block-quote is-layout-flow wp-block-quote-is-layout-flow\">\n<p><em>Le sommeil est meilleur. Les impatiences ont presque disparues. Voil\u00e0 de tr\u00e8s bonnes nouvelles. Je fais la respiration et les massages. Je n\u2019ai pas encore \u00e9crit la lettre\u2026<\/em><\/p>\n<cite><strong>Yxxxx<\/strong><\/cite><\/blockquote>\n\n\n\n<blockquote class=\"wp-block-quote is-layout-flow wp-block-quote-is-layout-flow\">\n<p><em>La s\u00e9ance de dimanche \u00e9tait super, gr\u00e2ce \u00e0 elle j\u2019ai compris beaucoup de chose sur mon \u00e9tat de sant\u00e9 et sur moi m\u00eame. \u00c0 propos de mon intol\u00e9rance, je me demande si\u2026<\/em><\/p>\n<cite><strong>[Nom non sp\u00e9cifi\u00e9]<\/strong><\/cite><\/blockquote>\n\n\n\n<blockquote class=\"wp-block-quote is-layout-flow wp-block-quote-is-layout-flow\">\n<p><em>Suite \u00e0 ta venue, j\u2019ai mis un temps \u00e0 \u00ab dig\u00e9rer \u00bb tout \u00e7a, beaucoup d&#8217;informations qui \u00e9clairaient tant de questionnements\u2026 Je me sens d\u00e9j\u00e0 beaucoup mieux : j\u2019ai un meilleur transit\u2026<\/em><\/p>\n<cite><strong>M\u00e9xxxx<\/strong><\/cite><\/blockquote>\n\n\n\n<blockquote class=\"wp-block-quote is-layout-flow wp-block-quote-is-layout-flow\">\n<p><em>Juste un coucou pour vous tenir au courant de ma sant\u00e9 qui va mieux. J\u2019ai pu reprendre mon sport. Je vous souhaite une bonne ann\u00e9e !<\/em><\/p>\n<cite><strong>Soxxxx<\/strong><\/cite><\/blockquote>\n\n\n\n<blockquote class=\"wp-block-quote is-layout-flow wp-block-quote-is-layout-flow\">\n<p><em>Jeudi, j\u2019ai fait des cauchemars la premi\u00e8re nuit et je n\u2019ai pas tr\u00e8s bien dormi, depuis \u00e7a va mais je suis bien fatigu\u00e9e. J\u2019ai beaucoup senti l\u2019\u00e9nergie circuler au d\u00e9but, c\u2019est dommage, \u00e7a s\u2019estompe. La joie est plus pr\u00e9sente \u00e0 l\u2019int\u00e9rieur et \u00e7a, c\u2019est extra. Ce qui m\u2019a fait un bien fou, c\u2019est la confirmation que j\u2019\u00e9tais sur la bonne voie et d\u2019entrevoir que je pourrais y arriver. Merci pour ce que tu m\u2019as donn\u00e9, pour ce que tu as partag\u00e9\u2026<\/em><\/p>\n<cite><strong>Evxxxx<\/strong><\/cite><\/blockquote>\n\n\n\n<blockquote class=\"wp-block-quote is-layout-flow wp-block-quote-is-layout-flow\">\n<p><em>Grand merci pour votre travail qui m\u2019apporte beaucoup en termes de synth\u00e8se des diff\u00e9rentes \u00ab pannes &amp; dysfonctionnements \u00bb que mon organisme vieillissant manifeste depuis un peu plus d\u2019un an. \u00c0 bient\u00f4t !<\/em><\/p>\n<cite><strong>[Nom non sp\u00e9cifi\u00e9]<\/strong><\/cite><\/blockquote>\n\n\n\n<blockquote class=\"wp-block-quote is-layout-flow wp-block-quote-is-layout-flow\">\n<p><em>Est-ce que je suis pr\u00eate \u00e0 reprendre la bio-r\u00e9sonance ? Je n\u2019en suis pas s\u00fbre, m\u00eame si je reconnais les bienfaits qu\u2019a eus cette m\u00e9thode sur moi\u2026 Je veux retrouver un \u00e9quilibre avant d\u2019engager de nouveaux bouleversements\u2026 Je te recontacte, peut-\u00eatre au printemps prochain. Je te remercie pour tout ce que tu as fait pour moi.<\/em><\/p>\n<cite><strong>Agxxxx<\/strong><\/cite><\/blockquote>\n\n\n\n<hr class=\"wp-block-separator has-alpha-channel-opacity\"\/>\n\n\n\n<p><em>Les t\u00e9moignages ci-dessus illustrent les exp\u00e9riences vari\u00e9es de nos patients avec la bioraisoance. Nous sommes ravis de pouvoir contribuer positivement \u00e0 leur sant\u00e9 et \u00e0 leur bien-\u00eatre. Si vous souhaitez partager votre propre exp\u00e9rience ou en savoir plus sur nos services, n&#8217;h\u00e9sitez pas \u00e0 me contacter.<\/em><\/p>\n<\/div>\n","protected":false},"excerpt":{"rendered":"<p>T\u00e9moignages \/ Avis Voici quelques t\u00e9moignages de personnes qui ont test\u00e9 la bior\u00e9sonance : Mon estomac va mieux, j\u2019esp\u00e8re que l\u2019on pourra voir lors de la prochaine s\u00e9ance comment y a de l\u2019am\u00e9lioration. &#8230;ma jument continue gentiment sa convalescence , j&#8217;ai un rdv avec l&#8217;osteo pour son suivi. La bior\u00e9sonance m&#8217;a permis de mieux comprendre [&hellip;]<\/p>\n","protected":false},"author":1,"featured_media":0,"parent":0,"menu_order":0,"comment_status":"closed","ping_status":"closed","template":"","meta":{"_uag_custom_page_level_css":"","site-sidebar-layout":"default","site-content-layout":"","ast-site-content-layout":"","site-content-style":"default","site-sidebar-style":"default","ast-global-header-display":"","ast-banner-title-visibility":"","ast-main-header-display":"","ast-hfb-above-header-display":"","ast-hfb-below-header-display":"","ast-hfb-mobile-header-display":"","site-post-title":"","ast-breadcrumbs-content":"","ast-featured-img":"","footer-sml-layout":"","theme-transparent-header-meta":"","adv-header-id-meta":"","stick-header-meta":"","header-above-stick-meta":"","header-main-stick-meta":"","header-below-stick-meta":"","astra-migrate-meta-layouts":"default","ast-page-background-enabled":"default","ast-page-background-meta":{"desktop":{"background-color":"var(--ast-global-color-4)","background-image":"","background-repeat":"repeat","background-position":"center center","background-size":"auto","background-attachment":"scroll","background-type":"","background-media":"","overlay-type":"","overlay-color":"","overlay-opacity":"","overlay-gradient":""},"tablet":{"background-color":"","background-image":"","background-repeat":"repeat","background-position":"center center","background-size":"auto","background-attachment":"scroll","background-type":"","background-media":"","overlay-type":"","overlay-color":"","overlay-opacity":"","overlay-gradient":""},"mobile":{"background-color":"","background-image":"","background-repeat":"repeat","background-position":"center center","background-size":"auto","background-attachment":"scroll","background-type":"","background-media":"","overlay-type":"","overlay-color":"","overlay-opacity":"","overlay-gradient":""}},"ast-content-background-meta":{"desktop":{"background-color":"var(--ast-global-color-5)","background-image":"","background-repeat":"repeat","background-position":"center center","background-size":"auto","background-attachment":"scroll","background-type":"","background-media":"","overlay-type":"","overlay-color":"","overlay-opacity":"","overlay-gradient":""},"tablet":{"background-color":"var(--ast-global-color-5)","background-image":"","background-repeat":"repeat","background-position":"center center","background-size":"auto","background-attachment":"scroll","background-type":"","background-media":"","overlay-type":"","overlay-color":"","overlay-opacity":"","overlay-gradient":""},"mobile":{"background-color":"var(--ast-global-color-5)","background-image":"","background-repeat":"repeat","background-position":"center center","background-size":"auto","background-attachment":"scroll","background-type":"","background-media":"","overlay-type":"","overlay-color":"","overlay-opacity":"","overlay-gradient":""}},"footnotes":""},"class_list":["post-877","page","type-page","status-publish","hentry"],"yoast_head":"<!-- This site is optimized with the Yoast SEO plugin v23.5 - https:\/\/yoast.com\/wordpress\/plugins\/seo\/ -->\n<title>T\u00e9moignages - eQuanta Bioresonance<\/title>\n<meta name=\"description\" content=\"Explorez la biorenaissance \u00e0 travers des avis concrets. D\u00e9couvrez comment cette approche a impact\u00e9 la sant\u00e9 de ceux qui l&#039;ont adopt\u00e9e.\" \/>\n<meta name=\"robots\" content=\"index, follow, max-snippet:-1, max-image-preview:large, max-video-preview:-1\" \/>\n<link rel=\"canonical\" href=\"https:\/\/equanta.fr\/index.php\/temoignages\/\" \/>\n<meta property=\"og:locale\" content=\"en_US\" \/>\n<meta property=\"og:type\" content=\"article\" \/>\n<meta property=\"og:title\" content=\"T\u00e9moignages - eQuanta Bioresonance\" \/>\n<meta property=\"og:description\" content=\"Explorez la biorenaissance \u00e0 travers des avis concrets. D\u00e9couvrez comment cette approche a impact\u00e9 la sant\u00e9 de ceux qui l&#039;ont adopt\u00e9e.\" \/>\n<meta property=\"og:url\" content=\"https:\/\/equanta.fr\/index.php\/temoignages\/\" \/>\n<meta property=\"og:site_name\" content=\"eQuanta Bioresonance\" \/>\n<meta property=\"article:publisher\" content=\"https:\/\/www.facebook.com\/profile.php?id=61552817224018\" \/>\n<meta property=\"article:modified_time\" content=\"2024-02-26T10:49:50+00:00\" \/>\n<meta name=\"twitter:card\" content=\"summary_large_image\" \/>\n<meta name=\"twitter:label1\" content=\"Est. reading time\" \/>\n\t<meta name=\"twitter:data1\" content=\"1 minute\" \/>\n<script type=\"application\/ld+json\" class=\"yoast-schema-graph\">{\"@context\":\"https:\/\/schema.org\",\"@graph\":[{\"@type\":\"WebPage\",\"@id\":\"https:\/\/equanta.fr\/index.php\/temoignages\/\",\"url\":\"https:\/\/equanta.fr\/index.php\/temoignages\/\",\"name\":\"T\u00e9moignages - eQuanta Bioresonance\",\"isPartOf\":{\"@id\":\"https:\/\/equanta.fr\/#website\"},\"datePublished\":\"2023-10-23T10:55:35+00:00\",\"dateModified\":\"2024-02-26T10:49:50+00:00\",\"description\":\"Explorez la biorenaissance \u00e0 travers des avis concrets. D\u00e9couvrez comment cette approche a impact\u00e9 la sant\u00e9 de ceux qui l'ont adopt\u00e9e.\",\"breadcrumb\":{\"@id\":\"https:\/\/equanta.fr\/index.php\/temoignages\/#breadcrumb\"},\"inLanguage\":\"en-US\",\"potentialAction\":[{\"@type\":\"ReadAction\",\"target\":[\"https:\/\/equanta.fr\/index.php\/temoignages\/\"]}]},{\"@type\":\"BreadcrumbList\",\"@id\":\"https:\/\/equanta.fr\/index.php\/temoignages\/#breadcrumb\",\"itemListElement\":[{\"@type\":\"ListItem\",\"position\":1,\"name\":\"Accueil\",\"item\":\"https:\/\/equanta.fr\/\"},{\"@type\":\"ListItem\",\"position\":2,\"name\":\"T\u00e9moignages\"}]},{\"@type\":\"WebSite\",\"@id\":\"https:\/\/equanta.fr\/#website\",\"url\":\"https:\/\/equanta.fr\/\",\"name\":\"eQuanta Bioresonance\",\"description\":\"Devenez votre propre th\u00e9rapeute et r\u00e9appropriez-vous votre sant\u00e9.\",\"publisher\":{\"@id\":\"https:\/\/equanta.fr\/#organization\"},\"potentialAction\":[{\"@type\":\"SearchAction\",\"target\":{\"@type\":\"EntryPoint\",\"urlTemplate\":\"https:\/\/equanta.fr\/?s={search_term_string}\"},\"query-input\":{\"@type\":\"PropertyValueSpecification\",\"valueRequired\":true,\"valueName\":\"search_term_string\"}}],\"inLanguage\":\"en-US\"},{\"@type\":\"Organization\",\"@id\":\"https:\/\/equanta.fr\/#organization\",\"name\":\"eQuanta Bioresonance\",\"alternateName\":\"Bioresonance Est France\",\"url\":\"https:\/\/equanta.fr\/\",\"logo\":{\"@type\":\"ImageObject\",\"inLanguage\":\"en-US\",\"@id\":\"https:\/\/equanta.fr\/#\/schema\/logo\/image\/\",\"url\":\"https:\/\/equanta.fr\/wp-content\/uploads\/2023\/10\/cropped-LogoSimple.png\",\"contentUrl\":\"https:\/\/equanta.fr\/wp-content\/uploads\/2023\/10\/cropped-LogoSimple.png\",\"width\":512,\"height\":512,\"caption\":\"eQuanta Bioresonance\"},\"image\":{\"@id\":\"https:\/\/equanta.fr\/#\/schema\/logo\/image\/\"},\"sameAs\":[\"https:\/\/www.facebook.com\/profile.php?id=61552817224018\"]}]}<\/script>\n<!-- \/ Yoast SEO plugin. -->","yoast_head_json":{"title":"T\u00e9moignages - eQuanta Bioresonance","description":"Explorez la biorenaissance \u00e0 travers des avis concrets. D\u00e9couvrez comment cette approche a impact\u00e9 la sant\u00e9 de ceux qui l'ont adopt\u00e9e.","robots":{"index":"index","follow":"follow","max-snippet":"max-snippet:-1","max-image-preview":"max-image-preview:large","max-video-preview":"max-video-preview:-1"},"canonical":"https:\/\/equanta.fr\/index.php\/temoignages\/","og_locale":"en_US","og_type":"article","og_title":"T\u00e9moignages - eQuanta Bioresonance","og_description":"Explorez la biorenaissance \u00e0 travers des avis concrets. D\u00e9couvrez comment cette approche a impact\u00e9 la sant\u00e9 de ceux qui l'ont adopt\u00e9e.","og_url":"https:\/\/equanta.fr\/index.php\/temoignages\/","og_site_name":"eQuanta Bioresonance","article_publisher":"https:\/\/www.facebook.com\/profile.php?id=61552817224018","article_modified_time":"2024-02-26T10:49:50+00:00","twitter_card":"summary_large_image","twitter_misc":{"Est. reading time":"1 minute"},"schema":{"@context":"https:\/\/schema.org","@graph":[{"@type":"WebPage","@id":"https:\/\/equanta.fr\/index.php\/temoignages\/","url":"https:\/\/equanta.fr\/index.php\/temoignages\/","name":"T\u00e9moignages - eQuanta Bioresonance","isPartOf":{"@id":"https:\/\/equanta.fr\/#website"},"datePublished":"2023-10-23T10:55:35+00:00","dateModified":"2024-02-26T10:49:50+00:00","description":"Explorez la biorenaissance \u00e0 travers des avis concrets. D\u00e9couvrez comment cette approche a impact\u00e9 la sant\u00e9 de ceux qui l'ont adopt\u00e9e.","breadcrumb":{"@id":"https:\/\/equanta.fr\/index.php\/temoignages\/#breadcrumb"},"inLanguage":"en-US","potentialAction":[{"@type":"ReadAction","target":["https:\/\/equanta.fr\/index.php\/temoignages\/"]}]},{"@type":"BreadcrumbList","@id":"https:\/\/equanta.fr\/index.php\/temoignages\/#breadcrumb","itemListElement":[{"@type":"ListItem","position":1,"name":"Accueil","item":"https:\/\/equanta.fr\/"},{"@type":"ListItem","position":2,"name":"T\u00e9moignages"}]},{"@type":"WebSite","@id":"https:\/\/equanta.fr\/#website","url":"https:\/\/equanta.fr\/","name":"eQuanta Bioresonance","description":"Devenez votre propre th\u00e9rapeute et r\u00e9appropriez-vous votre sant\u00e9.","publisher":{"@id":"https:\/\/equanta.fr\/#organization"},"potentialAction":[{"@type":"SearchAction","target":{"@type":"EntryPoint","urlTemplate":"https:\/\/equanta.fr\/?s={search_term_string}"},"query-input":{"@type":"PropertyValueSpecification","valueRequired":true,"valueName":"search_term_string"}}],"inLanguage":"en-US"},{"@type":"Organization","@id":"https:\/\/equanta.fr\/#organization","name":"eQuanta Bioresonance","alternateName":"Bioresonance Est France","url":"https:\/\/equanta.fr\/","logo":{"@type":"ImageObject","inLanguage":"en-US","@id":"https:\/\/equanta.fr\/#\/schema\/logo\/image\/","url":"https:\/\/equanta.fr\/wp-content\/uploads\/2023\/10\/cropped-LogoSimple.png","contentUrl":"https:\/\/equanta.fr\/wp-content\/uploads\/2023\/10\/cropped-LogoSimple.png","width":512,"height":512,"caption":"eQuanta Bioresonance"},"image":{"@id":"https:\/\/equanta.fr\/#\/schema\/logo\/image\/"},"sameAs":["https:\/\/www.facebook.com\/profile.php?id=61552817224018"]}]}},"uagb_featured_image_src":{"full":false,"thumbnail":false,"medium":false,"medium_large":false,"large":false,"1536x1536":false,"2048x2048":false},"uagb_author_info":{"display_name":"Laurence","author_link":"https:\/\/equanta.fr\/index.php\/author\/admin2057\/"},"uagb_comment_info":0,"uagb_excerpt":"T\u00e9moignages \/ Avis Voici quelques t\u00e9moignages de personnes qui ont test\u00e9 la bior\u00e9sonance : Mon estomac va mieux, j\u2019esp\u00e8re que l\u2019on pourra voir lors de la prochaine s\u00e9ance comment y a de l\u2019am\u00e9lioration. &#8230;ma jument continue gentiment sa convalescence , j&#8217;ai un rdv avec l&#8217;osteo pour son suivi. La bior\u00e9sonance m&#8217;a permis de mieux comprendre&hellip;","_links":{"self":[{"href":"https:\/\/equanta.fr\/index.php\/wp-json\/wp\/v2\/pages\/877","targetHints":{"allow":["GET"]}}],"collection":[{"href":"https:\/\/equanta.fr\/index.php\/wp-json\/wp\/v2\/pages"}],"about":[{"href":"https:\/\/equanta.fr\/index.php\/wp-json\/wp\/v2\/types\/page"}],"author":[{"embeddable":true,"href":"https:\/\/equanta.fr\/index.php\/wp-json\/wp\/v2\/users\/1"}],"replies":[{"embeddable":true,"href":"https:\/\/equanta.fr\/index.php\/wp-json\/wp\/v2\/comments?post=877"}],"version-history":[{"count":6,"href":"https:\/\/equanta.fr\/index.php\/wp-json\/wp\/v2\/pages\/877\/revisions"}],"predecessor-version":[{"id":1136,"href":"https:\/\/equanta.fr\/index.php\/wp-json\/wp\/v2\/pages\/877\/revisions\/1136"}],"wp:attachment":[{"href":"https:\/\/equanta.fr\/index.php\/wp-json\/wp\/v2\/media?parent=877"}],"curies":[{"name":"wp","href":"https:\/\/api.w.org\/{rel}","templated":true}]}}