{"id":873,"date":"2023-10-23T12:54:25","date_gmt":"2023-10-23T10:54:25","guid":{"rendered":"https:\/\/equanta.fr\/?page_id=873"},"modified":"2023-11-24T18:05:44","modified_gmt":"2023-11-24T17:05:44","slug":"a-propos","status":"publish","type":"page","link":"https:\/\/equanta.fr\/index.php\/a-propos\/","title":{"rendered":"\u00c0 Propos"},"content":{"rendered":"\n<div class=\"wp-block-group is-layout-constrained wp-block-group-is-layout-constrained\">\n<h2 class=\"wp-block-heading\">Histoire de la bioresonance<\/h2>\n\n\n\n<h4 class=\"wp-block-heading\"><strong>L&#8217;Essence de la M\u00e9decine Quantique<\/strong><\/h4>\n\n\n\n<p>Le terme &#8220;quantique&#8221; suscite aujourd&#8217;hui l&#8217;int\u00e9r\u00eat de nombreux individus. Tout le monde en a plus ou moins entendu parler, mais je souhaite vous parler de la bior\u00e9sonance dans ce contexte. En effet, la bior\u00e9sonance est une forme de th\u00e9rapie quantique qui explore le spectre typique d&#8217;ondes \u00e9lectromagn\u00e9tiques que chaque \u00eatre humain poss\u00e8de.<\/p>\n\n\n\n<hr class=\"wp-block-separator has-alpha-channel-opacity\"\/>\n\n\n\n<h4 class=\"wp-block-heading\"><strong>Les Fondements Scientifiques<\/strong><\/h4>\n\n\n\n<div class=\"wp-block-columns is-layout-flex wp-container-core-columns-is-layout-28f84493 wp-block-columns-is-layout-flex\">\n<div class=\"wp-block-column is-layout-flow wp-block-column-is-layout-flow\" style=\"flex-basis:100%\">\n<div class=\"wp-block-media-text has-media-on-the-right is-stacked-on-mobile\" style=\"grid-template-columns:auto 15%\"><div class=\"wp-block-media-text__content\">\n<p>Au d\u00e9but du 20\u00e8me si\u00e8cle, Albert Einstein expliquait que la mati\u00e8re n&#8217;est qu&#8217;une forme condens\u00e9e d&#8217;\u00e9nergie, et que l&#8217;espace entre les atomes est immense, tout comme l&#8217;espace infini entre les \u00e9toiles. Il a \u00e9mis l&#8217;id\u00e9e que des photons, des grains de lumi\u00e8re en mouvement, circulent dans cet espace vide, devenant ainsi des particules au m\u00eame titre que l&#8217;\u00e9lectron, cr\u00e9ant ainsi un courant \u00e9lectrique lors de leur mouvement.<\/p>\n<\/div><figure class=\"wp-block-media-text__media\"><img loading=\"lazy\" decoding=\"async\" width=\"245\" height=\"300\" src=\"https:\/\/equanta.fr\/wp-content\/uploads\/2023\/10\/Albert_Einstein_1947-1-245x300.jpg\" alt=\"\" class=\"wp-image-912 size-medium\" srcset=\"https:\/\/equanta.fr\/wp-content\/uploads\/2023\/10\/Albert_Einstein_1947-1-245x300.jpg 245w, https:\/\/equanta.fr\/wp-content\/uploads\/2023\/10\/Albert_Einstein_1947-1.jpg 440w\" sizes=\"auto, (max-width: 245px) 100vw, 245px\" \/><\/figure><\/div>\n<\/div>\n<\/div>\n\n\n\n<div class=\"wp-block-media-text is-stacked-on-mobile\" style=\"grid-template-columns:20% auto\"><figure class=\"wp-block-media-text__media\"><img loading=\"lazy\" decoding=\"async\" width=\"300\" height=\"206\" src=\"https:\/\/equanta.fr\/wp-content\/uploads\/2023\/10\/biophoton_1.png-300x206.webp\" alt=\"\" class=\"wp-image-913 size-medium\" srcset=\"https:\/\/equanta.fr\/wp-content\/uploads\/2023\/10\/biophoton_1.png-300x206.webp 300w, https:\/\/equanta.fr\/wp-content\/uploads\/2023\/10\/biophoton_1.png-1024x702.webp 1024w, https:\/\/equanta.fr\/wp-content\/uploads\/2023\/10\/biophoton_1.png-768x527.webp 768w, https:\/\/equanta.fr\/wp-content\/uploads\/2023\/10\/biophoton_1.png-1536x1053.webp 1536w, https:\/\/equanta.fr\/wp-content\/uploads\/2023\/10\/biophoton_1.png.webp 1575w\" sizes=\"auto, (max-width: 300px) 100vw, 300px\" \/><\/figure><div class=\"wp-block-media-text__content\">\n<p>Dans les ann\u00e9es 1920, le Dr Fritz Albert Popp a d\u00e9couvert que les cellules vivantes \u00e9mettent des photons, qu&#8217;il a appel\u00e9 chimioluminescence, et a \u00e9nonc\u00e9 le principe que l&#8217;information re\u00e7ue par le corps se transmet de cellule en cellule.<\/p>\n<\/div><\/div>\n\n\n\n<hr class=\"wp-block-separator has-alpha-channel-opacity\"\/>\n\n\n\n<p>En 1975, les scientifiques ont prouv\u00e9 l&#8217;existence de photons \u00e9mis par des cellules vivantes, oscillant \u00e0 diff\u00e9rentes fr\u00e9quences. Ces principes ont jet\u00e9 les bases de la bior\u00e9sonance, qui consid\u00e8re que chaque \u00eatre humain dispose d&#8217;un spectre typique d&#8217;ondes \u00e9lectromagn\u00e9tiques utilisables \u00e0 des fins th\u00e9rapeutiques.<\/p>\n\n\n\n<p>La bior\u00e9sonance repose sur le principe que les dysfonctionnements organiques entra\u00eenent un champ \u00e9lectromagn\u00e9tique alt\u00e9r\u00e9 autour des cellules et des tissus. La th\u00e9rapie quantique utilise diff\u00e9rents types de vibrations biologiques pour r\u00e9duire ces interf\u00e9rences et r\u00e9tablir l&#8217;harmonie.<\/p>\n<\/div>\n\n\n\n<hr class=\"wp-block-separator has-alpha-channel-opacity is-style-wide\"\/>\n\n\n\n<div class=\"wp-block-group is-layout-constrained wp-block-group-is-layout-constrained\">\n<h2 class=\"wp-block-heading\">Th\u00e9rapie et Bior\u00e9sonance<\/h2>\n\n\n\n<h3 class=\"wp-block-heading\"><strong>L&#8217;Harmonie Corps-Esprit dans la Bior\u00e9sonance<\/strong><\/h3>\n\n\n\n<p>Pendant des si\u00e8cles, la culture occidentale a dissoci\u00e9 l&#8217;esprit du corps, consid\u00e9rant le corps comme un assemblage d&#8217;organes, de tissus et d&#8217;os , soit de la mati\u00e8re , de la biochimie .<\/p>\n\n\n\n<hr class=\"wp-block-separator has-alpha-channel-opacity\"\/>\n\n\n\n<h4 class=\"wp-block-heading\"><strong>La Cl\u00e9 dans notre ADN<\/strong><\/h4>\n\n\n\n<div class=\"wp-block-media-text is-stacked-on-mobile\" style=\"grid-template-columns:16% auto\"><figure class=\"wp-block-media-text__media\"><img loading=\"lazy\" decoding=\"async\" width=\"1024\" height=\"1024\" src=\"https:\/\/equanta.fr\/wp-content\/uploads\/2023\/10\/fd8c7384-abb3-41e6-abfb-017b3c875ffc.jpg\" alt=\"\" class=\"wp-image-919 size-full\" srcset=\"https:\/\/equanta.fr\/wp-content\/uploads\/2023\/10\/fd8c7384-abb3-41e6-abfb-017b3c875ffc.jpg 1024w, https:\/\/equanta.fr\/wp-content\/uploads\/2023\/10\/fd8c7384-abb3-41e6-abfb-017b3c875ffc-300x300.jpg 300w, https:\/\/equanta.fr\/wp-content\/uploads\/2023\/10\/fd8c7384-abb3-41e6-abfb-017b3c875ffc-150x150.jpg 150w, https:\/\/equanta.fr\/wp-content\/uploads\/2023\/10\/fd8c7384-abb3-41e6-abfb-017b3c875ffc-768x768.jpg 768w\" sizes=\"auto, (max-width: 1024px) 100vw, 1024px\" \/><\/figure><div class=\"wp-block-media-text__content\">\n<p>Pourtant, dans notre ADN les \u00e9motions sont enregistr\u00e9es ; m\u00eame d\u00e8s avant la conception , chaque \u00e9motion v\u00e9cue par notre m\u00e8re se transf\u00e8re \u00e0 nous, se logeant dans nos g\u00e8nes et nos tissus , comme des bases de donn\u00e9es dans un ordinateur. C&#8217;est ce qu&#8217;explique aujourd&#8217;hui la science de l&#8217;\u00e9pig\u00e9n\u00e9tique dans nos pays; mais cette compr\u00e9hension existe depuis des mill\u00e9naires. La th\u00e9rapie quantique, tout comme la M\u00e9decine Traditionnelle Chinoise (MTC), les th\u00e9rapies \u00e9nerg\u00e9tiques, voire les \u00e9crits sacr\u00e9s, reconnaissent l&#8217;interconnexion fondamentale entre le corps et les \u00e9motions<\/p>\n<\/div><\/div>\n\n\n\n<hr class=\"wp-block-separator has-alpha-channel-opacity\"\/>\n\n\n\n<h4 class=\"wp-block-heading\"><strong>La Bior\u00e9sonance et l&#8217;\u00c9nergie Vitale<\/strong><\/h4>\n\n\n\n<div class=\"wp-block-media-text has-media-on-the-right is-stacked-on-mobile\" style=\"grid-template-columns:auto 21%\"><div class=\"wp-block-media-text__content\">\n<p>La bior\u00e9sonance, avec sa vision holistique, affirme que notre vie d\u00e9pend des \u00e9nergies \u00e9mises par notre corps. En MTC par exemple, ces \u00e9nergies sont mises en \u00e9vidence par palpation et l&#8217;observation de la peau, de la langue&#8230;. En th\u00e9rapie quantique, elles peuvent \u00eatre enregistr\u00e9es et modifi\u00e9es \u00e0 l&#8217;aide d&#8217;appareils . La th\u00e9rapie quantique utilise de petites doses de radiations \u00e9lectromagn\u00e9tiques, appel\u00e9es quantas d&#8217;\u00e9nergie,  la MTC parle du Qi (tchi).<\/p>\n\n\n\n<p>Ces ondes peuvent \u00eatre harmonieuses, identifiant les parties saines du corps, ou discordantes, r\u00e9v\u00e9lant les parties malades. C&#8217;est dans l&#8217;harmonisation de ces \u00e9nergies que r\u00e9side la cl\u00e9 pour r\u00e9tablir l&#8217;\u00e9quilibre et la sant\u00e9 dans notre \u00eatre tout entier.<\/p>\n<\/div><figure class=\"wp-block-media-text__media\"><img loading=\"lazy\" decoding=\"async\" width=\"1024\" height=\"1024\" src=\"https:\/\/equanta.fr\/wp-content\/uploads\/2023\/10\/af8d0acc-a02a-4b44-8199-8b693fe8bcd2.jpg\" alt=\"\" class=\"wp-image-920 size-full\" srcset=\"https:\/\/equanta.fr\/wp-content\/uploads\/2023\/10\/af8d0acc-a02a-4b44-8199-8b693fe8bcd2.jpg 1024w, https:\/\/equanta.fr\/wp-content\/uploads\/2023\/10\/af8d0acc-a02a-4b44-8199-8b693fe8bcd2-300x300.jpg 300w, https:\/\/equanta.fr\/wp-content\/uploads\/2023\/10\/af8d0acc-a02a-4b44-8199-8b693fe8bcd2-150x150.jpg 150w, https:\/\/equanta.fr\/wp-content\/uploads\/2023\/10\/af8d0acc-a02a-4b44-8199-8b693fe8bcd2-768x768.jpg 768w\" sizes=\"auto, (max-width: 1024px) 100vw, 1024px\" \/><\/figure><\/div>\n<\/div>\n\n\n\n<div class=\"wp-block-buttons is-content-justification-center is-layout-flex wp-container-core-buttons-is-layout-a89b3969 wp-block-buttons-is-layout-flex\">\n<div class=\"wp-block-button\"><a class=\"wp-block-button__link wp-element-button\" href=\"https:\/\/equanta.fr\/index.php\/services\/\">Comment se passe un seance<\/a><\/div>\n<\/div>\n","protected":false},"excerpt":{"rendered":"<p>Histoire de la bioresonance L&#8217;Essence de la M\u00e9decine Quantique Le terme &#8220;quantique&#8221; suscite aujourd&#8217;hui l&#8217;int\u00e9r\u00eat de nombreux individus. Tout le monde en a plus ou moins entendu parler, mais je souhaite vous parler de la bior\u00e9sonance dans ce contexte. En effet, la bior\u00e9sonance est une forme de th\u00e9rapie quantique qui explore le spectre typique d&#8217;ondes [&hellip;]<\/p>\n","protected":false},"author":1,"featured_media":0,"parent":0,"menu_order":0,"comment_status":"closed","ping_status":"closed","template":"","meta":{"_uag_custom_page_level_css":"","site-sidebar-layout":"default","site-content-layout":"","ast-site-content-layout":"","site-content-style":"default","site-sidebar-style":"default","ast-global-header-display":"","ast-banner-title-visibility":"","ast-main-header-display":"","ast-hfb-above-header-display":"","ast-hfb-below-header-display":"","ast-hfb-mobile-header-display":"","site-post-title":"disabled","ast-breadcrumbs-content":"","ast-featured-img":"","footer-sml-layout":"","theme-transparent-header-meta":"","adv-header-id-meta":"","stick-header-meta":"","header-above-stick-meta":"","header-main-stick-meta":"","header-below-stick-meta":"","astra-migrate-meta-layouts":"","ast-page-background-enabled":"default","ast-page-background-meta":{"desktop":{"background-color":"var(--ast-global-color-4)","background-image":"","background-repeat":"repeat","background-position":"center center","background-size":"auto","background-attachment":"scroll","background-type":"","background-media":"","overlay-type":"","overlay-color":"","overlay-opacity":"","overlay-gradient":""},"tablet":{"background-color":"","background-image":"","background-repeat":"repeat","background-position":"center center","background-size":"auto","background-attachment":"scroll","background-type":"","background-media":"","overlay-type":"","overlay-color":"","overlay-opacity":"","overlay-gradient":""},"mobile":{"background-color":"","background-image":"","background-repeat":"repeat","background-position":"center center","background-size":"auto","background-attachment":"scroll","background-type":"","background-media":"","overlay-type":"","overlay-color":"","overlay-opacity":"","overlay-gradient":""}},"ast-content-background-meta":{"desktop":{"background-color":"var(--ast-global-color-5)","background-image":"","background-repeat":"repeat","background-position":"center center","background-size":"auto","background-attachment":"scroll","background-type":"","background-media":"","overlay-type":"","overlay-color":"","overlay-opacity":"","overlay-gradient":""},"tablet":{"background-color":"var(--ast-global-color-5)","background-image":"","background-repeat":"repeat","background-position":"center center","background-size":"auto","background-attachment":"scroll","background-type":"","background-media":"","overlay-type":"","overlay-color":"","overlay-opacity":"","overlay-gradient":""},"mobile":{"background-color":"var(--ast-global-color-5)","background-image":"","background-repeat":"repeat","background-position":"center center","background-size":"auto","background-attachment":"scroll","background-type":"","background-media":"","overlay-type":"","overlay-color":"","overlay-opacity":"","overlay-gradient":""}},"footnotes":""},"class_list":["post-873","page","type-page","status-publish","hentry"],"yoast_head":"<!-- This site is optimized with the Yoast SEO plugin v23.5 - https:\/\/yoast.com\/wordpress\/plugins\/seo\/ -->\n<title>\u00c0 Propos - eQuanta Bioresonance<\/title>\n<meta name=\"description\" content=\"D\u00e9couvrez l&#039;histoire et les bases scientifiques de la bior\u00e9sonance sur notre page. Explorez les origines de cette discipline.\" \/>\n<meta name=\"robots\" content=\"index, follow, max-snippet:-1, max-image-preview:large, max-video-preview:-1\" \/>\n<link rel=\"canonical\" href=\"https:\/\/equanta.fr\/index.php\/a-propos\/\" \/>\n<meta property=\"og:locale\" content=\"en_US\" \/>\n<meta property=\"og:type\" content=\"article\" \/>\n<meta property=\"og:title\" content=\"\u00c0 Propos - eQuanta Bioresonance\" \/>\n<meta property=\"og:description\" content=\"D\u00e9couvrez l&#039;histoire et les bases scientifiques de la bior\u00e9sonance sur notre page. Explorez les origines de cette discipline.\" \/>\n<meta property=\"og:url\" content=\"https:\/\/equanta.fr\/index.php\/a-propos\/\" \/>\n<meta property=\"og:site_name\" content=\"eQuanta Bioresonance\" \/>\n<meta property=\"article:publisher\" content=\"https:\/\/www.facebook.com\/profile.php?id=61552817224018\" \/>\n<meta property=\"article:modified_time\" content=\"2023-11-24T17:05:44+00:00\" \/>\n<meta property=\"og:image\" content=\"https:\/\/equanta.fr\/wp-content\/uploads\/2023\/10\/Albert_Einstein_1947-1-245x300.jpg\" \/>\n<meta name=\"twitter:card\" content=\"summary_large_image\" \/>\n<meta name=\"twitter:label1\" content=\"Est. reading time\" \/>\n\t<meta name=\"twitter:data1\" content=\"4 minutes\" \/>\n<script type=\"application\/ld+json\" class=\"yoast-schema-graph\">{\"@context\":\"https:\/\/schema.org\",\"@graph\":[{\"@type\":[\"WebPage\",\"AboutPage\"],\"@id\":\"https:\/\/equanta.fr\/index.php\/a-propos\/\",\"url\":\"https:\/\/equanta.fr\/index.php\/a-propos\/\",\"name\":\"\u00c0 Propos - eQuanta Bioresonance\",\"isPartOf\":{\"@id\":\"https:\/\/equanta.fr\/#website\"},\"primaryImageOfPage\":{\"@id\":\"https:\/\/equanta.fr\/index.php\/a-propos\/#primaryimage\"},\"image\":{\"@id\":\"https:\/\/equanta.fr\/index.php\/a-propos\/#primaryimage\"},\"thumbnailUrl\":\"https:\/\/equanta.fr\/wp-content\/uploads\/2023\/10\/Albert_Einstein_1947-1-245x300.jpg\",\"datePublished\":\"2023-10-23T10:54:25+00:00\",\"dateModified\":\"2023-11-24T17:05:44+00:00\",\"description\":\"D\u00e9couvrez l'histoire et les bases scientifiques de la bior\u00e9sonance sur notre page. Explorez les origines de cette discipline.\",\"breadcrumb\":{\"@id\":\"https:\/\/equanta.fr\/index.php\/a-propos\/#breadcrumb\"},\"inLanguage\":\"en-US\",\"potentialAction\":[{\"@type\":\"ReadAction\",\"target\":[\"https:\/\/equanta.fr\/index.php\/a-propos\/\"]}]},{\"@type\":\"ImageObject\",\"inLanguage\":\"en-US\",\"@id\":\"https:\/\/equanta.fr\/index.php\/a-propos\/#primaryimage\",\"url\":\"https:\/\/equanta.fr\/wp-content\/uploads\/2023\/10\/Albert_Einstein_1947-1.jpg\",\"contentUrl\":\"https:\/\/equanta.fr\/wp-content\/uploads\/2023\/10\/Albert_Einstein_1947-1.jpg\",\"width\":440,\"height\":538},{\"@type\":\"BreadcrumbList\",\"@id\":\"https:\/\/equanta.fr\/index.php\/a-propos\/#breadcrumb\",\"itemListElement\":[{\"@type\":\"ListItem\",\"position\":1,\"name\":\"Accueil\",\"item\":\"https:\/\/equanta.fr\/\"},{\"@type\":\"ListItem\",\"position\":2,\"name\":\"\u00c0 Propos\"}]},{\"@type\":\"WebSite\",\"@id\":\"https:\/\/equanta.fr\/#website\",\"url\":\"https:\/\/equanta.fr\/\",\"name\":\"eQuanta Bioresonance\",\"description\":\"Devenez votre propre th\u00e9rapeute et r\u00e9appropriez-vous votre sant\u00e9.\",\"publisher\":{\"@id\":\"https:\/\/equanta.fr\/#organization\"},\"potentialAction\":[{\"@type\":\"SearchAction\",\"target\":{\"@type\":\"EntryPoint\",\"urlTemplate\":\"https:\/\/equanta.fr\/?s={search_term_string}\"},\"query-input\":{\"@type\":\"PropertyValueSpecification\",\"valueRequired\":true,\"valueName\":\"search_term_string\"}}],\"inLanguage\":\"en-US\"},{\"@type\":\"Organization\",\"@id\":\"https:\/\/equanta.fr\/#organization\",\"name\":\"eQuanta Bioresonance\",\"alternateName\":\"Bioresonance Est France\",\"url\":\"https:\/\/equanta.fr\/\",\"logo\":{\"@type\":\"ImageObject\",\"inLanguage\":\"en-US\",\"@id\":\"https:\/\/equanta.fr\/#\/schema\/logo\/image\/\",\"url\":\"https:\/\/equanta.fr\/wp-content\/uploads\/2023\/10\/cropped-LogoSimple.png\",\"contentUrl\":\"https:\/\/equanta.fr\/wp-content\/uploads\/2023\/10\/cropped-LogoSimple.png\",\"width\":512,\"height\":512,\"caption\":\"eQuanta Bioresonance\"},\"image\":{\"@id\":\"https:\/\/equanta.fr\/#\/schema\/logo\/image\/\"},\"sameAs\":[\"https:\/\/www.facebook.com\/profile.php?id=61552817224018\"]}]}<\/script>\n<!-- \/ Yoast SEO plugin. -->","yoast_head_json":{"title":"\u00c0 Propos - eQuanta Bioresonance","description":"D\u00e9couvrez l'histoire et les bases scientifiques de la bior\u00e9sonance sur notre page. Explorez les origines de cette discipline.","robots":{"index":"index","follow":"follow","max-snippet":"max-snippet:-1","max-image-preview":"max-image-preview:large","max-video-preview":"max-video-preview:-1"},"canonical":"https:\/\/equanta.fr\/index.php\/a-propos\/","og_locale":"en_US","og_type":"article","og_title":"\u00c0 Propos - eQuanta Bioresonance","og_description":"D\u00e9couvrez l'histoire et les bases scientifiques de la bior\u00e9sonance sur notre page. Explorez les origines de cette discipline.","og_url":"https:\/\/equanta.fr\/index.php\/a-propos\/","og_site_name":"eQuanta Bioresonance","article_publisher":"https:\/\/www.facebook.com\/profile.php?id=61552817224018","article_modified_time":"2023-11-24T17:05:44+00:00","og_image":[{"url":"https:\/\/equanta.fr\/wp-content\/uploads\/2023\/10\/Albert_Einstein_1947-1-245x300.jpg"}],"twitter_card":"summary_large_image","twitter_misc":{"Est. reading time":"4 minutes"},"schema":{"@context":"https:\/\/schema.org","@graph":[{"@type":["WebPage","AboutPage"],"@id":"https:\/\/equanta.fr\/index.php\/a-propos\/","url":"https:\/\/equanta.fr\/index.php\/a-propos\/","name":"\u00c0 Propos - eQuanta Bioresonance","isPartOf":{"@id":"https:\/\/equanta.fr\/#website"},"primaryImageOfPage":{"@id":"https:\/\/equanta.fr\/index.php\/a-propos\/#primaryimage"},"image":{"@id":"https:\/\/equanta.fr\/index.php\/a-propos\/#primaryimage"},"thumbnailUrl":"https:\/\/equanta.fr\/wp-content\/uploads\/2023\/10\/Albert_Einstein_1947-1-245x300.jpg","datePublished":"2023-10-23T10:54:25+00:00","dateModified":"2023-11-24T17:05:44+00:00","description":"D\u00e9couvrez l'histoire et les bases scientifiques de la bior\u00e9sonance sur notre page. Explorez les origines de cette discipline.","breadcrumb":{"@id":"https:\/\/equanta.fr\/index.php\/a-propos\/#breadcrumb"},"inLanguage":"en-US","potentialAction":[{"@type":"ReadAction","target":["https:\/\/equanta.fr\/index.php\/a-propos\/"]}]},{"@type":"ImageObject","inLanguage":"en-US","@id":"https:\/\/equanta.fr\/index.php\/a-propos\/#primaryimage","url":"https:\/\/equanta.fr\/wp-content\/uploads\/2023\/10\/Albert_Einstein_1947-1.jpg","contentUrl":"https:\/\/equanta.fr\/wp-content\/uploads\/2023\/10\/Albert_Einstein_1947-1.jpg","width":440,"height":538},{"@type":"BreadcrumbList","@id":"https:\/\/equanta.fr\/index.php\/a-propos\/#breadcrumb","itemListElement":[{"@type":"ListItem","position":1,"name":"Accueil","item":"https:\/\/equanta.fr\/"},{"@type":"ListItem","position":2,"name":"\u00c0 Propos"}]},{"@type":"WebSite","@id":"https:\/\/equanta.fr\/#website","url":"https:\/\/equanta.fr\/","name":"eQuanta Bioresonance","description":"Devenez votre propre th\u00e9rapeute et r\u00e9appropriez-vous votre sant\u00e9.","publisher":{"@id":"https:\/\/equanta.fr\/#organization"},"potentialAction":[{"@type":"SearchAction","target":{"@type":"EntryPoint","urlTemplate":"https:\/\/equanta.fr\/?s={search_term_string}"},"query-input":{"@type":"PropertyValueSpecification","valueRequired":true,"valueName":"search_term_string"}}],"inLanguage":"en-US"},{"@type":"Organization","@id":"https:\/\/equanta.fr\/#organization","name":"eQuanta Bioresonance","alternateName":"Bioresonance Est France","url":"https:\/\/equanta.fr\/","logo":{"@type":"ImageObject","inLanguage":"en-US","@id":"https:\/\/equanta.fr\/#\/schema\/logo\/image\/","url":"https:\/\/equanta.fr\/wp-content\/uploads\/2023\/10\/cropped-LogoSimple.png","contentUrl":"https:\/\/equanta.fr\/wp-content\/uploads\/2023\/10\/cropped-LogoSimple.png","width":512,"height":512,"caption":"eQuanta Bioresonance"},"image":{"@id":"https:\/\/equanta.fr\/#\/schema\/logo\/image\/"},"sameAs":["https:\/\/www.facebook.com\/profile.php?id=61552817224018"]}]}},"uagb_featured_image_src":{"full":false,"thumbnail":false,"medium":false,"medium_large":false,"large":false,"1536x1536":false,"2048x2048":false},"uagb_author_info":{"display_name":"Laurence","author_link":"https:\/\/equanta.fr\/index.php\/author\/admin2057\/"},"uagb_comment_info":0,"uagb_excerpt":"Histoire de la bioresonance L&#8217;Essence de la M\u00e9decine Quantique Le terme &#8220;quantique&#8221; suscite aujourd&#8217;hui l&#8217;int\u00e9r\u00eat de nombreux individus. Tout le monde en a plus ou moins entendu parler, mais je souhaite vous parler de la bior\u00e9sonance dans ce contexte. En effet, la bior\u00e9sonance est une forme de th\u00e9rapie quantique qui explore le spectre typique d&#8217;ondes&hellip;","_links":{"self":[{"href":"https:\/\/equanta.fr\/index.php\/wp-json\/wp\/v2\/pages\/873","targetHints":{"allow":["GET"]}}],"collection":[{"href":"https:\/\/equanta.fr\/index.php\/wp-json\/wp\/v2\/pages"}],"about":[{"href":"https:\/\/equanta.fr\/index.php\/wp-json\/wp\/v2\/types\/page"}],"author":[{"embeddable":true,"href":"https:\/\/equanta.fr\/index.php\/wp-json\/wp\/v2\/users\/1"}],"replies":[{"embeddable":true,"href":"https:\/\/equanta.fr\/index.php\/wp-json\/wp\/v2\/comments?post=873"}],"version-history":[{"count":20,"href":"https:\/\/equanta.fr\/index.php\/wp-json\/wp\/v2\/pages\/873\/revisions"}],"predecessor-version":[{"id":1122,"href":"https:\/\/equanta.fr\/index.php\/wp-json\/wp\/v2\/pages\/873\/revisions\/1122"}],"wp:attachment":[{"href":"https:\/\/equanta.fr\/index.php\/wp-json\/wp\/v2\/media?parent=873"}],"curies":[{"name":"wp","href":"https:\/\/api.w.org\/{rel}","templated":true}]}}